{"id":157,"date":"2020-08-11T10:26:02","date_gmt":"2020-08-11T10:26:02","guid":{"rendered":"https:\/\/cihak.moravany.eu\/?page_id=157"},"modified":"2020-09-21T13:41:39","modified_gmt":"2020-09-21T13:41:39","slug":"homepage","status":"publish","type":"page","link":"https:\/\/easternfront.org.uk\/cs\/","title":{"rendered":"Eastern Front"},"content":{"rendered":"","protected":false},"excerpt":{"rendered":"","protected":false},"author":1,"featured_media":0,"parent":0,"menu_order":0,"comment_status":"closed","ping_status":"closed","template":"template-homepage.php","meta":{"footnotes":""},"class_list":["post-157","page","type-page","status-publish","hentry"],"yoast_head":"<!-- This site is optimized with the Yoast SEO plugin v14.7 - https:\/\/yoast.com\/wordpress\/plugins\/seo\/ -->\n<meta name=\"description\" content=\"[:en]London based publisher of art and photography books from Central and Eastern Europe. Collectible editions from the best artists from this region.[:cs]Eastern Front je nez\u00e1visl\u00e9 um\u011bleck\u00e9 vydavatelstv\u00ed se s\u00eddlem v Lond\u00fdn\u011b, zam\u011b\u0159en\u00e9 na tvorbu autor\u016f, um\u011blc\u016f a fotograf\u016f z \u010cech a dal\u0161\u00edch zem\u00ed st\u0159edn\u00ed a v\u00fdchodn\u00ed Evropy.[:]\" \/>\n<meta name=\"robots\" content=\"index, follow\" \/>\n<meta name=\"googlebot\" content=\"index, follow, max-snippet:-1, max-image-preview:large, max-video-preview:-1\" \/>\n<meta name=\"bingbot\" content=\"index, follow, max-snippet:-1, max-image-preview:large, max-video-preview:-1\" \/>\n<link rel=\"canonical\" href=\"https:\/\/easternfront.org.uk\/\" \/>\n<meta property=\"og:locale\" content=\"cs_CZ\" \/>\n<meta property=\"og:type\" content=\"article\" \/>\n<meta property=\"og:title\" content=\"Eastern Front - An independent art publisher\" \/>\n<meta property=\"og:description\" content=\"[:en]London based publisher of art and photography books from Central and Eastern Europe. Collectible editions from the best artists from this region.[:cs]Eastern Front je nez\u00e1visl\u00e9 um\u011bleck\u00e9 vydavatelstv\u00ed se s\u00eddlem v Lond\u00fdn\u011b, zam\u011b\u0159en\u00e9 na tvorbu autor\u016f, um\u011blc\u016f a fotograf\u016f z \u010cech a dal\u0161\u00edch zem\u00ed st\u0159edn\u00ed a v\u00fdchodn\u00ed Evropy.[:]\" \/>\n<meta property=\"og:url\" content=\"https:\/\/easternfront.org.uk\/\" \/>\n<meta property=\"og:site_name\" content=\"Eastern Front\" \/>\n<meta property=\"article:modified_time\" content=\"2020-09-21T13:41:39+00:00\" \/>\n<meta name=\"twitter:card\" content=\"summary_large_image\" \/>\n<script type=\"application\/ld+json\" class=\"yoast-schema-graph\">{\"@context\":\"https:\/\/schema.org\",\"@graph\":[{\"@type\":\"Organization\",\"@id\":\"https:\/\/easternfront.org.uk\/cs\/#organization\",\"name\":\"Eastern Front\",\"url\":\"https:\/\/easternfront.org.uk\/cs\/\",\"sameAs\":[\"https:\/\/www.instagram.com\/cihakjancz\/\"],\"logo\":{\"@type\":\"ImageObject\",\"@id\":\"https:\/\/easternfront.org.uk\/cs\/#logo\",\"inLanguage\":\"cs\",\"url\":\"https:\/\/easternfront.org.uk\/wp-content\/uploads\/2020\/08\/logo_v1.png\",\"width\":300,\"height\":125,\"caption\":\"Eastern Front\"},\"image\":{\"@id\":\"https:\/\/easternfront.org.uk\/cs\/#logo\"}},{\"@type\":\"WebSite\",\"@id\":\"https:\/\/easternfront.org.uk\/cs\/#website\",\"url\":\"https:\/\/easternfront.org.uk\/cs\/\",\"name\":\"Eastern Front\",\"description\":\"An independent art publisher\",\"publisher\":{\"@id\":\"https:\/\/easternfront.org.uk\/cs\/#organization\"},\"potentialAction\":[{\"@type\":\"SearchAction\",\"target\":\"https:\/\/easternfront.org.uk\/cs\/?s={search_term_string}\",\"query-input\":\"required name=search_term_string\"}],\"inLanguage\":\"cs\"},{\"@type\":\"WebPage\",\"@id\":\"https:\/\/easternfront.org.uk\/#webpage\",\"url\":\"https:\/\/easternfront.org.uk\/\",\"name\":\"Eastern Front - An independent art publisher\",\"isPartOf\":{\"@id\":\"https:\/\/easternfront.org.uk\/cs\/#website\"},\"datePublished\":\"2020-08-11T10:26:02+00:00\",\"dateModified\":\"2020-09-21T13:41:39+00:00\",\"description\":\"[:en]London based publisher of art and photography books from Central and Eastern Europe. Collectible editions from the best artists from this region.[:cs]Eastern Front je nez\\u00e1visl\\u00e9 um\\u011bleck\\u00e9 vydavatelstv\\u00ed se s\\u00eddlem v Lond\\u00fdn\\u011b, zam\\u011b\\u0159en\\u00e9 na tvorbu autor\\u016f, um\\u011blc\\u016f a fotograf\\u016f z \\u010cech a dal\\u0161\\u00edch zem\\u00ed st\\u0159edn\\u00ed a v\\u00fdchodn\\u00ed Evropy.[:]\",\"inLanguage\":\"cs\",\"potentialAction\":[{\"@type\":\"ReadAction\",\"target\":[\"https:\/\/easternfront.org.uk\/\"]}]}]}<\/script>\n<!-- \/ Yoast SEO plugin. -->","_links":{"self":[{"href":"https:\/\/easternfront.org.uk\/cs\/wp-json\/wp\/v2\/pages\/157","targetHints":{"allow":["GET"]}}],"collection":[{"href":"https:\/\/easternfront.org.uk\/cs\/wp-json\/wp\/v2\/pages"}],"about":[{"href":"https:\/\/easternfront.org.uk\/cs\/wp-json\/wp\/v2\/types\/page"}],"author":[{"embeddable":true,"href":"https:\/\/easternfront.org.uk\/cs\/wp-json\/wp\/v2\/users\/1"}],"replies":[{"embeddable":true,"href":"https:\/\/easternfront.org.uk\/cs\/wp-json\/wp\/v2\/comments?post=157"}],"version-history":[{"count":3,"href":"https:\/\/easternfront.org.uk\/cs\/wp-json\/wp\/v2\/pages\/157\/revisions"}],"predecessor-version":[{"id":352,"href":"https:\/\/easternfront.org.uk\/cs\/wp-json\/wp\/v2\/pages\/157\/revisions\/352"}],"wp:attachment":[{"href":"https:\/\/easternfront.org.uk\/cs\/wp-json\/wp\/v2\/media?parent=157"}],"curies":[{"name":"wp","href":"https:\/\/api.w.org\/{rel}","templated":true}]}}