{"id":72,"date":"2020-07-29T13:48:00","date_gmt":"2020-07-29T13:48:00","guid":{"rendered":"https:\/\/cihak.moravany.eu\/?page_id=72"},"modified":"2020-10-08T20:14:17","modified_gmt":"2020-10-08T20:14:17","slug":"about","status":"publish","type":"page","link":"https:\/\/easternfront.org.uk\/cs\/about\/","title":{"rendered":"O n\u00e1s"},"content":{"rendered":"<p>Eastern Front je nez\u00e1visl\u00e9 um\u011bleck\u00e9 vydavatelstv\u00ed se s\u00eddlem v Lond\u00fdn\u011b, zam\u011b\u0159en\u00e9 p\u0159edev\u0161\u00edm na tvorbu autor\u016f z \u010cech a dal\u0161\u00edch zem\u00ed st\u0159edn\u00ed a v\u00fdchodn\u00ed Evropy. V\u011bt\u0161ina na\u0161ich vydavatelsk\u00fdch projekt\u016f jsou\u00a0fotografick\u00e9 knihy, produkov\u00e1ny se z\u00e1m\u011brem st\u00e1t se sv\u00e9bytn\u00fdm autorov\u00fdm d\u00edlem v\u00a0kni\u017en\u00ed form\u011b. Zvl\u00e1\u0161tn\u00ed pozornost v\u011bnujeme\u00a0d\u00edl\u016fm, kter\u00e1 jsou, podle na\u0161eho n\u00e1zoru, zrcadlem m\u00edstn\u00edho c\u00edt\u011bn\u00ed a unik\u00e1tn\u00edch zku\u0161enost\u00ed a v\u00fdvoje v t\u011bchto zem\u00edch.<\/p>\n<h2>Kontakt<\/h2>\n<p><a href=\"mailto:info@easternfront.org.uk\">info@easternfront.org.uk<\/a><br \/>\n+44 0785 296 7344<\/p>\n<p>EASTERN FRONT<br \/>\n31 Delawyk Crescent<br \/>\nSE24 9JB, London<br \/>\nGreat Britain<\/p>\n<p>Jan \u010cih\u00e1k, \u0159editel<\/p>\n<h2>Distribution<\/h2>\n<p>You can buy our books directly through our account on <a href=\"https:\/\/www.amazon.co.uk\/\" target=\"_blank\" rel=\"noopener noreferrer\">Amazon.co.uk<\/a> or <a href=\"https:\/\/www.amazon.com\/\" target=\"_blank\" rel=\"noopener noreferrer\">Amazon.com<\/a>. Our books are also available in selected bookshops in UK, Germany Czech Republic and Slovakia. For the current list of bookshops please <a href=\"\/where-to-buy\/\">click here<\/a>.<\/p>\n<h2>Return &amp; Refund Policy<\/h2>\n<p>Thank you for shopping at Eastern Front online bookshop. If you are not entirely satisfied with your purchase, we are here to help.<\/p>\n<h2>Returns<\/h2>\n<p>You have 14 calendar days to return an item from the date you received it. To be eligible for a return, your item must be unused and in the same condition that you received it. Your item must be in the original packaging. Your item needs to have the receipt or proof of purchase. To make a return please send your item back to the our address: EASTERN FRONT, 31 Delawyk Crescent, SE24 9JB, London<\/p>\n<h2>Refunds<\/h2>\n<p>Once we receive your item, we will inspect it and notify you that we have received your returned item. We will immediately notify you on the status of your refund after inspecting the item. If your return is approved, we will initiate a refund to your credit card (or original method of payment). You will be responsible for paying for your own shipping costs for returning your item. Shipping costs are non refundable. If you receive a refund, the cost of return shipping will be deducted from your refund. If the reason for the return is the result of our mistake, or if you can proof the item was damaged before it reached you, we will also refund the delivery costs.<\/p>\n<p>If you have any further questions on how to return your item to us, contact us at: <a href=\"mailto:jan_cihak@easternfront.org.uk\">jan_cihak@easternfront.org.uk<\/a>.<\/p>\n<h2>Company&#8217;s Details<\/h2>\n<p>Company registration name<br \/>\nJan Cihak Ltd<\/p>\n<p>Place of registration<br \/>\n2 Old Court Mews, 311a Chase Road, Southgate, London, N14 6JS<\/p>\n<p>Registered office address<br \/>\n2 Old Court Mews, 311a Chase Road, Southgate, London, N14 6JS<\/p>\n<p>Company registration number<br \/>\n07925206<\/p>","protected":false},"excerpt":{"rendered":"Eastern Front je nez\u00e1visl\u00e9 um\u011bleck\u00e9 vydavatelstv\u00ed se s\u00eddlem v Lond\u00fdn\u011b, zam\u011b\u0159en\u00e9 p\u0159edev\u0161\u00edm na tvorbu autor\u016f z \u010cech a dal\u0161\u00edch zem\u00ed st\u0159edn\u00ed a v\u00fdchodn\u00ed Evropy. V\u011bt\u0161ina na\u0161ich vydavatelsk\u00fdch projekt\u016f jsou\u00a0fotografick\u00e9 knihy, produkov\u00e1ny se z\u00e1m\u011brem st\u00e1t se sv\u00e9bytn\u00fdm autorov\u00fdm d\u00edlem v\u00a0kni\u017en\u00ed form\u011b. Zvl\u00e1\u0161tn\u00ed pozornost v\u011bnujeme\u00a0d\u00edl\u016fm, kter\u00e1 jsou, podle na\u0161eho n\u00e1zoru, zrcadlem m\u00edstn\u00edho c\u00edt\u011bn\u00ed a unik\u00e1tn\u00edch zku\u0161enost\u00ed a&#8230; <a class=\"view-article\" href=\"https:\/\/easternfront.org.uk\/cs\/about\/\">View Article<\/a>","protected":false},"author":1,"featured_media":0,"parent":0,"menu_order":0,"comment_status":"closed","ping_status":"closed","template":"","meta":{"footnotes":""},"class_list":["post-72","page","type-page","status-publish","hentry"],"yoast_head":"<!-- This site is optimized with the Yoast SEO plugin v14.7 - https:\/\/yoast.com\/wordpress\/plugins\/seo\/ -->\n<meta name=\"description\" content=\"[:en]Eastern Front is an independent art publisher based in London, producing and promoting the works of artists and photographers from Czech Republic and other countries in Central and Eastern Europe.[:cs]Eastern Front je nez\u00e1visl\u00e9 um\u011bleck\u00e9 vydavatelstv\u00ed se s\u00eddlem v Lond\u00fdn\u011b, zam\u011b\u0159en\u00e9 na tvorbu autor\u016f, um\u011blc\u016f a fotograf\u016f z \u010cech a dal\u0161\u00edch zem\u00ed st\u0159edn\u00ed a v\u00fdchodn\u00ed Evropy.[:]\" \/>\n<meta name=\"robots\" content=\"index, follow\" \/>\n<meta name=\"googlebot\" content=\"index, follow, max-snippet:-1, max-image-preview:large, max-video-preview:-1\" \/>\n<meta name=\"bingbot\" content=\"index, follow, max-snippet:-1, max-image-preview:large, max-video-preview:-1\" \/>\n<link rel=\"canonical\" href=\"https:\/\/easternfront.org.uk\/about\/\" \/>\n<meta property=\"og:locale\" content=\"cs_CZ\" \/>\n<meta property=\"og:type\" content=\"article\" \/>\n<meta property=\"og:title\" content=\"[:en]About[:cs]O n\u00e1s[:] | Eastern Front\" \/>\n<meta property=\"og:description\" content=\"[:en]Eastern Front is an independent art publisher based in London, producing and promoting the works of artists and photographers from Czech Republic and other countries in Central and Eastern Europe.[:cs]Eastern Front je nez\u00e1visl\u00e9 um\u011bleck\u00e9 vydavatelstv\u00ed se s\u00eddlem v Lond\u00fdn\u011b, zam\u011b\u0159en\u00e9 na tvorbu autor\u016f, um\u011blc\u016f a fotograf\u016f z \u010cech a dal\u0161\u00edch zem\u00ed st\u0159edn\u00ed a v\u00fdchodn\u00ed Evropy.[:]\" \/>\n<meta property=\"og:url\" content=\"https:\/\/easternfront.org.uk\/about\/\" \/>\n<meta property=\"og:site_name\" content=\"Eastern Front\" \/>\n<meta property=\"article:modified_time\" content=\"2020-10-08T20:14:17+00:00\" \/>\n<meta name=\"twitter:card\" content=\"summary_large_image\" \/>\n<script type=\"application\/ld+json\" class=\"yoast-schema-graph\">{\"@context\":\"https:\/\/schema.org\",\"@graph\":[{\"@type\":\"Organization\",\"@id\":\"https:\/\/easternfront.org.uk\/cs\/#organization\",\"name\":\"Eastern Front\",\"url\":\"https:\/\/easternfront.org.uk\/cs\/\",\"sameAs\":[\"https:\/\/www.instagram.com\/cihakjancz\/\"],\"logo\":{\"@type\":\"ImageObject\",\"@id\":\"https:\/\/easternfront.org.uk\/cs\/#logo\",\"inLanguage\":\"cs\",\"url\":\"https:\/\/easternfront.org.uk\/wp-content\/uploads\/2020\/08\/logo_v1.png\",\"width\":300,\"height\":125,\"caption\":\"Eastern Front\"},\"image\":{\"@id\":\"https:\/\/easternfront.org.uk\/cs\/#logo\"}},{\"@type\":\"WebSite\",\"@id\":\"https:\/\/easternfront.org.uk\/cs\/#website\",\"url\":\"https:\/\/easternfront.org.uk\/cs\/\",\"name\":\"Eastern Front\",\"description\":\"An independent art publisher\",\"publisher\":{\"@id\":\"https:\/\/easternfront.org.uk\/cs\/#organization\"},\"potentialAction\":[{\"@type\":\"SearchAction\",\"target\":\"https:\/\/easternfront.org.uk\/cs\/?s={search_term_string}\",\"query-input\":\"required name=search_term_string\"}],\"inLanguage\":\"cs\"},{\"@type\":\"WebPage\",\"@id\":\"https:\/\/easternfront.org.uk\/about\/#webpage\",\"url\":\"https:\/\/easternfront.org.uk\/about\/\",\"name\":\"[:en]About[:cs]O n\\u00e1s[:] | Eastern Front\",\"isPartOf\":{\"@id\":\"https:\/\/easternfront.org.uk\/cs\/#website\"},\"datePublished\":\"2020-07-29T13:48:00+00:00\",\"dateModified\":\"2020-10-08T20:14:17+00:00\",\"description\":\"[:en]Eastern Front is an independent art publisher based in London, producing and promoting the works of artists and photographers from Czech Republic and other countries in Central and Eastern Europe.[:cs]Eastern Front je nez\\u00e1visl\\u00e9 um\\u011bleck\\u00e9 vydavatelstv\\u00ed se s\\u00eddlem v Lond\\u00fdn\\u011b, zam\\u011b\\u0159en\\u00e9 na tvorbu autor\\u016f, um\\u011blc\\u016f a fotograf\\u016f z \\u010cech a dal\\u0161\\u00edch zem\\u00ed st\\u0159edn\\u00ed a v\\u00fdchodn\\u00ed Evropy.[:]\",\"inLanguage\":\"cs\",\"potentialAction\":[{\"@type\":\"ReadAction\",\"target\":[\"https:\/\/easternfront.org.uk\/about\/\"]}]}]}<\/script>\n<!-- \/ Yoast SEO plugin. -->","_links":{"self":[{"href":"https:\/\/easternfront.org.uk\/cs\/wp-json\/wp\/v2\/pages\/72","targetHints":{"allow":["GET"]}}],"collection":[{"href":"https:\/\/easternfront.org.uk\/cs\/wp-json\/wp\/v2\/pages"}],"about":[{"href":"https:\/\/easternfront.org.uk\/cs\/wp-json\/wp\/v2\/types\/page"}],"author":[{"embeddable":true,"href":"https:\/\/easternfront.org.uk\/cs\/wp-json\/wp\/v2\/users\/1"}],"replies":[{"embeddable":true,"href":"https:\/\/easternfront.org.uk\/cs\/wp-json\/wp\/v2\/comments?post=72"}],"version-history":[{"count":25,"href":"https:\/\/easternfront.org.uk\/cs\/wp-json\/wp\/v2\/pages\/72\/revisions"}],"predecessor-version":[{"id":449,"href":"https:\/\/easternfront.org.uk\/cs\/wp-json\/wp\/v2\/pages\/72\/revisions\/449"}],"wp:attachment":[{"href":"https:\/\/easternfront.org.uk\/cs\/wp-json\/wp\/v2\/media?parent=72"}],"curies":[{"name":"wp","href":"https:\/\/api.w.org\/{rel}","templated":true}]}}