{"id":75,"date":"2020-07-29T13:49:24","date_gmt":"2020-07-29T13:49:24","guid":{"rendered":"https:\/\/cihak.moravany.eu\/?page_id=75"},"modified":"2020-09-21T13:40:47","modified_gmt":"2020-09-21T13:40:47","slug":"books","status":"publish","type":"page","link":"https:\/\/easternfront.org.uk\/cs\/books\/","title":{"rendered":"Knihy"},"content":{"rendered":"","protected":false},"excerpt":{"rendered":"","protected":false},"author":1,"featured_media":0,"parent":0,"menu_order":0,"comment_status":"closed","ping_status":"closed","template":"template-books.php","meta":{"footnotes":""},"class_list":["post-75","page","type-page","status-publish","hentry"],"yoast_head":"<!-- This site is optimized with the Yoast SEO plugin v14.7 - https:\/\/yoast.com\/wordpress\/plugins\/seo\/ -->\n<meta name=\"description\" content=\"[:en]Collectible books from the best artists from Czech Republic and other countries in Central and Eastern Europe.[:cs]Sb\u011bratelsk\u00e9 autorsk\u00e9 fotografick\u00e9 knihy z \u010cech a dal\u0161\u00edch zem\u00ed st\u0159edn\u00ed a v\u00fdchodn\u00ed Evropy.[:]\" \/>\n<meta name=\"robots\" content=\"index, follow\" \/>\n<meta name=\"googlebot\" content=\"index, follow, max-snippet:-1, max-image-preview:large, max-video-preview:-1\" \/>\n<meta name=\"bingbot\" content=\"index, follow, max-snippet:-1, max-image-preview:large, max-video-preview:-1\" \/>\n<link rel=\"canonical\" href=\"https:\/\/easternfront.org.uk\/books\/\" \/>\n<meta property=\"og:locale\" content=\"cs_CZ\" \/>\n<meta property=\"og:type\" content=\"article\" \/>\n<meta property=\"og:title\" content=\"[:en]Books[:cs]Knihy[:] | Eastern Front\" \/>\n<meta property=\"og:description\" content=\"[:en]Collectible books from the best artists from Czech Republic and other countries in Central and Eastern Europe.[:cs]Sb\u011bratelsk\u00e9 autorsk\u00e9 fotografick\u00e9 knihy z \u010cech a dal\u0161\u00edch zem\u00ed st\u0159edn\u00ed a v\u00fdchodn\u00ed Evropy.[:]\" \/>\n<meta property=\"og:url\" content=\"https:\/\/easternfront.org.uk\/books\/\" \/>\n<meta property=\"og:site_name\" content=\"Eastern Front\" \/>\n<meta property=\"article:modified_time\" content=\"2020-09-21T13:40:47+00:00\" \/>\n<meta name=\"twitter:card\" content=\"summary_large_image\" \/>\n<script type=\"application\/ld+json\" class=\"yoast-schema-graph\">{\"@context\":\"https:\/\/schema.org\",\"@graph\":[{\"@type\":\"Organization\",\"@id\":\"https:\/\/easternfront.org.uk\/cs\/#organization\",\"name\":\"Eastern Front\",\"url\":\"https:\/\/easternfront.org.uk\/cs\/\",\"sameAs\":[\"https:\/\/www.instagram.com\/cihakjancz\/\"],\"logo\":{\"@type\":\"ImageObject\",\"@id\":\"https:\/\/easternfront.org.uk\/cs\/#logo\",\"inLanguage\":\"cs\",\"url\":\"https:\/\/easternfront.org.uk\/wp-content\/uploads\/2020\/08\/logo_v1.png\",\"width\":300,\"height\":125,\"caption\":\"Eastern Front\"},\"image\":{\"@id\":\"https:\/\/easternfront.org.uk\/cs\/#logo\"}},{\"@type\":\"WebSite\",\"@id\":\"https:\/\/easternfront.org.uk\/cs\/#website\",\"url\":\"https:\/\/easternfront.org.uk\/cs\/\",\"name\":\"Eastern Front\",\"description\":\"An independent art publisher\",\"publisher\":{\"@id\":\"https:\/\/easternfront.org.uk\/cs\/#organization\"},\"potentialAction\":[{\"@type\":\"SearchAction\",\"target\":\"https:\/\/easternfront.org.uk\/cs\/?s={search_term_string}\",\"query-input\":\"required name=search_term_string\"}],\"inLanguage\":\"cs\"},{\"@type\":\"WebPage\",\"@id\":\"https:\/\/easternfront.org.uk\/books\/#webpage\",\"url\":\"https:\/\/easternfront.org.uk\/books\/\",\"name\":\"[:en]Books[:cs]Knihy[:] | Eastern Front\",\"isPartOf\":{\"@id\":\"https:\/\/easternfront.org.uk\/cs\/#website\"},\"datePublished\":\"2020-07-29T13:49:24+00:00\",\"dateModified\":\"2020-09-21T13:40:47+00:00\",\"description\":\"[:en]Collectible books from the best artists from Czech Republic and other countries in Central and Eastern Europe.[:cs]Sb\\u011bratelsk\\u00e9 autorsk\\u00e9 fotografick\\u00e9 knihy z \\u010cech a dal\\u0161\\u00edch zem\\u00ed st\\u0159edn\\u00ed a v\\u00fdchodn\\u00ed Evropy.[:]\",\"inLanguage\":\"cs\",\"potentialAction\":[{\"@type\":\"ReadAction\",\"target\":[\"https:\/\/easternfront.org.uk\/books\/\"]}]}]}<\/script>\n<!-- \/ Yoast SEO plugin. -->","_links":{"self":[{"href":"https:\/\/easternfront.org.uk\/cs\/wp-json\/wp\/v2\/pages\/75","targetHints":{"allow":["GET"]}}],"collection":[{"href":"https:\/\/easternfront.org.uk\/cs\/wp-json\/wp\/v2\/pages"}],"about":[{"href":"https:\/\/easternfront.org.uk\/cs\/wp-json\/wp\/v2\/types\/page"}],"author":[{"embeddable":true,"href":"https:\/\/easternfront.org.uk\/cs\/wp-json\/wp\/v2\/users\/1"}],"replies":[{"embeddable":true,"href":"https:\/\/easternfront.org.uk\/cs\/wp-json\/wp\/v2\/comments?post=75"}],"version-history":[{"count":1,"href":"https:\/\/easternfront.org.uk\/cs\/wp-json\/wp\/v2\/pages\/75\/revisions"}],"predecessor-version":[{"id":76,"href":"https:\/\/easternfront.org.uk\/cs\/wp-json\/wp\/v2\/pages\/75\/revisions\/76"}],"wp:attachment":[{"href":"https:\/\/easternfront.org.uk\/cs\/wp-json\/wp\/v2\/media?parent=75"}],"curies":[{"name":"wp","href":"https:\/\/api.w.org\/{rel}","templated":true}]}}