{"id":77,"date":"2020-07-29T13:51:50","date_gmt":"2020-07-29T13:51:50","guid":{"rendered":"https:\/\/cihak.moravany.eu\/?page_id=77"},"modified":"2020-09-21T13:40:12","modified_gmt":"2020-09-21T13:40:12","slug":"artists","status":"publish","type":"page","link":"https:\/\/easternfront.org.uk\/cs\/artists\/","title":{"rendered":"Auto\u0159i"},"content":{"rendered":"","protected":false},"excerpt":{"rendered":"","protected":false},"author":1,"featured_media":0,"parent":0,"menu_order":0,"comment_status":"closed","ping_status":"closed","template":"template-artists.php","meta":{"footnotes":""},"class_list":["post-77","page","type-page","status-publish","hentry"],"yoast_head":"<!-- This site is optimized with the Yoast SEO plugin v14.7 - https:\/\/yoast.com\/wordpress\/plugins\/seo\/ -->\n<meta name=\"description\" content=\"[:en]The list of prominent artists and photographers from Central and Eastern Europe, published and promoted by Eastern Front Art Publisher.[:cs]Seznam v\u00fdznamn\u00fdch autor\u016f a fotograf\u016f z \u010cech a dal\u0161\u00edch zem\u00ed st\u0159edn\u00ed a v\u00fdchodn\u00ed Evropy spolupracujic\u00edch s vydavatelstv\u00edm Eastern Front.[:]\" \/>\n<meta name=\"robots\" content=\"index, follow\" \/>\n<meta name=\"googlebot\" content=\"index, follow, max-snippet:-1, max-image-preview:large, max-video-preview:-1\" \/>\n<meta name=\"bingbot\" content=\"index, follow, max-snippet:-1, max-image-preview:large, max-video-preview:-1\" \/>\n<link rel=\"canonical\" href=\"https:\/\/easternfront.org.uk\/artists\/\" \/>\n<meta property=\"og:locale\" content=\"cs_CZ\" \/>\n<meta property=\"og:type\" content=\"article\" \/>\n<meta property=\"og:title\" content=\"[:en]Artists[:cs]Auto\u0159i[:] | Eastern Front\" \/>\n<meta property=\"og:description\" content=\"[:en]The list of prominent artists and photographers from Central and Eastern Europe, published and promoted by Eastern Front Art Publisher.[:cs]Seznam v\u00fdznamn\u00fdch autor\u016f a fotograf\u016f z \u010cech a dal\u0161\u00edch zem\u00ed st\u0159edn\u00ed a v\u00fdchodn\u00ed Evropy spolupracujic\u00edch s vydavatelstv\u00edm Eastern Front.[:]\" \/>\n<meta property=\"og:url\" content=\"https:\/\/easternfront.org.uk\/artists\/\" \/>\n<meta property=\"og:site_name\" content=\"Eastern Front\" \/>\n<meta property=\"article:modified_time\" content=\"2020-09-21T13:40:12+00:00\" \/>\n<meta name=\"twitter:card\" content=\"summary_large_image\" \/>\n<script type=\"application\/ld+json\" class=\"yoast-schema-graph\">{\"@context\":\"https:\/\/schema.org\",\"@graph\":[{\"@type\":\"Organization\",\"@id\":\"https:\/\/easternfront.org.uk\/cs\/#organization\",\"name\":\"Eastern Front\",\"url\":\"https:\/\/easternfront.org.uk\/cs\/\",\"sameAs\":[\"https:\/\/www.instagram.com\/cihakjancz\/\"],\"logo\":{\"@type\":\"ImageObject\",\"@id\":\"https:\/\/easternfront.org.uk\/cs\/#logo\",\"inLanguage\":\"cs\",\"url\":\"https:\/\/easternfront.org.uk\/wp-content\/uploads\/2020\/08\/logo_v1.png\",\"width\":300,\"height\":125,\"caption\":\"Eastern Front\"},\"image\":{\"@id\":\"https:\/\/easternfront.org.uk\/cs\/#logo\"}},{\"@type\":\"WebSite\",\"@id\":\"https:\/\/easternfront.org.uk\/cs\/#website\",\"url\":\"https:\/\/easternfront.org.uk\/cs\/\",\"name\":\"Eastern Front\",\"description\":\"An independent art publisher\",\"publisher\":{\"@id\":\"https:\/\/easternfront.org.uk\/cs\/#organization\"},\"potentialAction\":[{\"@type\":\"SearchAction\",\"target\":\"https:\/\/easternfront.org.uk\/cs\/?s={search_term_string}\",\"query-input\":\"required name=search_term_string\"}],\"inLanguage\":\"cs\"},{\"@type\":\"WebPage\",\"@id\":\"https:\/\/easternfront.org.uk\/artists\/#webpage\",\"url\":\"https:\/\/easternfront.org.uk\/artists\/\",\"name\":\"[:en]Artists[:cs]Auto\\u0159i[:] | Eastern Front\",\"isPartOf\":{\"@id\":\"https:\/\/easternfront.org.uk\/cs\/#website\"},\"datePublished\":\"2020-07-29T13:51:50+00:00\",\"dateModified\":\"2020-09-21T13:40:12+00:00\",\"description\":\"[:en]The list of prominent artists and photographers from Central and Eastern Europe, published and promoted by Eastern Front Art Publisher.[:cs]Seznam v\\u00fdznamn\\u00fdch autor\\u016f a fotograf\\u016f z \\u010cech a dal\\u0161\\u00edch zem\\u00ed st\\u0159edn\\u00ed a v\\u00fdchodn\\u00ed Evropy spolupracujic\\u00edch s vydavatelstv\\u00edm Eastern Front.[:]\",\"inLanguage\":\"cs\",\"potentialAction\":[{\"@type\":\"ReadAction\",\"target\":[\"https:\/\/easternfront.org.uk\/artists\/\"]}]}]}<\/script>\n<!-- \/ Yoast SEO plugin. -->","_links":{"self":[{"href":"https:\/\/easternfront.org.uk\/cs\/wp-json\/wp\/v2\/pages\/77","targetHints":{"allow":["GET"]}}],"collection":[{"href":"https:\/\/easternfront.org.uk\/cs\/wp-json\/wp\/v2\/pages"}],"about":[{"href":"https:\/\/easternfront.org.uk\/cs\/wp-json\/wp\/v2\/types\/page"}],"author":[{"embeddable":true,"href":"https:\/\/easternfront.org.uk\/cs\/wp-json\/wp\/v2\/users\/1"}],"replies":[{"embeddable":true,"href":"https:\/\/easternfront.org.uk\/cs\/wp-json\/wp\/v2\/comments?post=77"}],"version-history":[{"count":1,"href":"https:\/\/easternfront.org.uk\/cs\/wp-json\/wp\/v2\/pages\/77\/revisions"}],"predecessor-version":[{"id":78,"href":"https:\/\/easternfront.org.uk\/cs\/wp-json\/wp\/v2\/pages\/77\/revisions\/78"}],"wp:attachment":[{"href":"https:\/\/easternfront.org.uk\/cs\/wp-json\/wp\/v2\/media?parent=77"}],"curies":[{"name":"wp","href":"https:\/\/api.w.org\/{rel}","templated":true}]}}